{"id":12828,"date":"2026-01-12T15:00:06","date_gmt":"2026-01-12T15:00:06","guid":{"rendered":"https:\/\/www.picotado.com\/?post_type=product&#038;p=12828"},"modified":"2026-03-25T12:18:46","modified_gmt":"2026-03-25T12:18:46","slug":"happy-faces-postcards","status":"publish","type":"product","link":"https:\/\/www.picotado.com\/pt\/shop\/happy-faces-postcards\/","title":{"rendered":"Postais \u201cHappy Faces\u201d \u00b7 Conjunto de 4"},"content":{"rendered":"","protected":false},"excerpt":{"rendered":"<p data-start=\"116\" data-end=\"291\">Leva alegria a todas as ocasi\u00f5es com o nosso conjunto de postais <em data-start=\"154\" data-end=\"167\">Happy Faces<\/em> Esta cole\u00e7\u00e3o alegre inclui quatro postais com design \u00fanico, cada um com um rosto sorridente e divertido:<\/p>\n<p data-start=\"293\" data-end=\"582\">\u2600\ufe0f <em data-start=\"296\" data-end=\"312\">Sunshine Smile.<\/em> \u2013  Um sol amarelo vibrante sobre um fundo azul intenso<br data-start=\"361\" data-end=\"364\" \/>\ud83c\udf38 <em data-start=\"367\" data-end=\"380\">Blossom Joy<\/em> \u2013 Uma delicada flor branca sobre um fundo laranja vibrante<br data-start=\"437\" data-end=\"440\" \/>\ud83d\udc96 <em data-start=\"443\" data-end=\"460\">Heartfelt Cheer<\/em> \u2013 Um charmoso cora\u00e7\u00e3o cor-de-rosa sobre um fundo amarelo vivo<br data-start=\"514\" data-end=\"517\" \/>\u2b50 <em data-start=\"519\" data-end=\"532\">Starlit Joy<\/em> \u2013 Uma estrela azul clara sobre um fundo rosa vivo<\/p>\n<p data-start=\"584\" data-end=\"814\">Cada postal \u00e9 recortado e montado \u00e0 m\u00e3o com cartolina de 300 g\/m\u00b2, criando um design t\u00e1ctil, delicado e \u00fanico. Cada postal inclui envelope a condizer, tornando este conjunto perfeito para espalhar felicidade, amor e boas vibes!<\/p>\n<p>Cada postal \u00e9 cuidadosamente feito \u00e0 m\u00e3o, o que significa que podem ocorrer pequenas varia\u00e7\u00f5es, tornando cada pe\u00e7a verdadeiramente \u00fanica.<\/p>\n<p data-start=\"66\" data-end=\"372\"><!-- notionvc: 8b6d6eb3-fae2-477a-9b4f-0f013cb6bdf1 --><\/p>","protected":false},"featured_media":12829,"comment_status":"closed","ping_status":"closed","template":"","meta":[],"product_brand":[712],"product_cat":[715,686],"product_tag":[716],"class_list":{"0":"post-12828","1":"product","2":"type-product","3":"status-publish","4":"has-post-thumbnail","6":"product_brand-hey-picotado","7":"product_cat-postcards","8":"product_cat-stationary","9":"product_tag-happy-faces","11":"first","12":"instock","13":"taxable","14":"shipping-taxable","15":"product-type-simple"},"jetpack_sharing_enabled":true,"_links":{"self":[{"href":"https:\/\/www.picotado.com\/pt\/wp-json\/wp\/v2\/product\/12828","targetHints":{"allow":["GET"]}}],"collection":[{"href":"https:\/\/www.picotado.com\/pt\/wp-json\/wp\/v2\/product"}],"about":[{"href":"https:\/\/www.picotado.com\/pt\/wp-json\/wp\/v2\/types\/product"}],"replies":[{"embeddable":true,"href":"https:\/\/www.picotado.com\/pt\/wp-json\/wp\/v2\/comments?post=12828"}],"wp:featuredmedia":[{"embeddable":true,"href":"https:\/\/www.picotado.com\/pt\/wp-json\/wp\/v2\/media\/12829"}],"wp:attachment":[{"href":"https:\/\/www.picotado.com\/pt\/wp-json\/wp\/v2\/media?parent=12828"}],"wp:term":[{"taxonomy":"product_brand","embeddable":true,"href":"https:\/\/www.picotado.com\/pt\/wp-json\/wp\/v2\/product_brand?post=12828"},{"taxonomy":"product_cat","embeddable":true,"href":"https:\/\/www.picotado.com\/pt\/wp-json\/wp\/v2\/product_cat?post=12828"},{"taxonomy":"product_tag","embeddable":true,"href":"https:\/\/www.picotado.com\/pt\/wp-json\/wp\/v2\/product_tag?post=12828"}],"curies":[{"name":"wp","href":"https:\/\/api.w.org\/{rel}","templated":true}]}}